{"id":101,"date":"2022-09-19T14:01:22","date_gmt":"2022-09-19T12:01:22","guid":{"rendered":"http:\/\/negomab.fr\/?page_id=101"},"modified":"2025-10-20T15:01:44","modified_gmt":"2025-10-20T13:01:44","slug":"implantation-contact","status":"publish","type":"page","link":"http:\/\/negomab.fr\/?page_id=101","title":{"rendered":"Implantation"},"content":{"rendered":"<p>[et_pb_section fb_built=\u00a0\u00bb1&Prime; next_background_color=\u00a0\u00bb#ffffff\u00a0\u00bb _builder_version=\u00a0\u00bb3.19.16&Prime; background_image=\u00a0\u00bbhttp:\/\/negomab.fr\/wp-content\/uploads\/2022\/11\/magasin-vue-complete&#8211;scaled.jpg\u00a0\u00bb custom_padding=\u00a0\u00bb50px||75px||false|false\u00a0\u00bb bottom_divider_style=\u00a0\u00bbslant\u00a0\u00bb bottom_divider_flip=\u00a0\u00bbhorizontal\u00a0\u00bb animation_style=\u00a0\u00bbslide\u00a0\u00bb animation_direction=\u00a0\u00bbtop\u00a0\u00bb][et_pb_row custom_padding=\u00a0\u00bb27px|0|27px|0|false|false\u00a0\u00bb custom_margin=\u00a0\u00bb80px||80px\u00a0\u00bb padding_right_1=\u00a0\u00bb0px\u00a0\u00bb padding_left_1=\u00a0\u00bb0px\u00a0\u00bb _builder_version=\u00a0\u00bb3.19.16&Prime; background_color=\u00a0\u00bbrgba(0,0,0,0.38)\u00a0\u00bb][et_pb_column type=\u00a0\u00bb4_4&Prime; _builder_version=\u00a0\u00bb3.19.16&Prime;][et_pb_text _builder_version=\u00a0\u00bb3.19.16&Prime; header_font=\u00a0\u00bb||||||||\u00a0\u00bb header_font_size=\u00a0\u00bb60px\u00a0\u00bb]<\/p>\n<h1><span style=\"color: #ffffff;\"><span style=\"caret-color: #ffffff;\">IMPLANTATION<\/span><\/span><\/h1>\n<p>[\/et_pb_text][et_pb_divider color=\u00a0\u00bb#ffffff\u00a0\u00bb divider_weight=\u00a0\u00bb3px\u00a0\u00bb _builder_version=\u00a0\u00bb3.19.16&Prime; max_width=\u00a0\u00bb20%\u00a0\u00bb custom_margin=\u00a0\u00bb20px||20px||true\u00a0\u00bb][\/et_pb_divider][et_pb_text _builder_version=\u00a0\u00bb3.19.16&Prime; text_font=\u00a0\u00bb||||||||\u00a0\u00bb text_line_height=\u00a0\u00bb1.8em\u00a0\u00bb custom_padding=\u00a0\u00bb|10%||\u00a0\u00bb inline_fonts=\u00a0\u00bbArial\u00a0\u00bb]<\/p>\n<h2><strong><span style=\"color: #ffffff;\">Notre r\u00e9seau est constitu\u00e9 d&rsquo;entreprises implant\u00e9es localement en Rh\u00f4ne-Alpes.<\/span><\/strong><\/h2>\n<p>[\/et_pb_text][\/et_pb_column][\/et_pb_row][\/et_pb_section][et_pb_section fb_built=\u00a0\u00bb1&Prime; _builder_version=\u00a0\u00bb3.19.16&Prime;][et_pb_row custom_padding=\u00a0\u00bb27px|0px|0|0px|false|false\u00a0\u00bb _builder_version=\u00a0\u00bb3.19.16&Prime;][et_pb_column type=\u00a0\u00bb4_4&Prime; _builder_version=\u00a0\u00bb3.19.16&Prime;][et_pb_text _builder_version=\u00a0\u00bb3.19.16&Prime; text_font=\u00a0\u00bb|300|||||||\u00a0\u00bb header_font=\u00a0\u00bb||||||||\u00a0\u00bb header_2_font=\u00a0\u00bb|300||on|||||\u00a0\u00bb header_2_text_align=\u00a0\u00bbcenter\u00a0\u00bb header_2_text_color=\u00a0\u00bb#d1cac0&Prime; header_2_font_size=\u00a0\u00bb14px\u00a0\u00bb header_3_font=\u00a0\u00bb||||||||\u00a0\u00bb header_3_text_align=\u00a0\u00bbcenter\u00a0\u00bb header_3_font_size=\u00a0\u00bb30px\u00a0\u00bb text_orientation=\u00a0\u00bbcenter\u00a0\u00bb custom_padding=\u00a0\u00bb|10%||10%||true\u00a0\u00bb]<\/p>\n<h2>\u00c0 propos<\/h2>\n<h3>Vos partenaires de proximit\u00e9.<\/h3>\n<p>Implant\u00e9 en Haute-Savoie, Savoie, canton Genevois, Rh\u00f4ne et en Is\u00e8re, le r\u00e9seau N\u00e9gomab r\u00e9pond aux besoins en \u00e9quipement des m\u00e9tiers du bois en r\u00e9gion Rh\u00f4ne-Alpes et Suisse romande.<\/p>\n<div class=\"elementor-column elementor-col-50 elementor-top-column elementor-element elementor-element-d624c9d\" data-id=\"d624c9d\" data-element_type=\"column\">\n<div class=\"elementor-column-wrap elementor-element-populated\">\n<div class=\"elementor-widget-wrap\">\n<div class=\"elementor-element elementor-element-c3ecc64 elementor-widget elementor-widget-text-editor\" data-id=\"c3ecc64\" data-element_type=\"widget\" data-widget_type=\"text-editor.default\">\n<div class=\"elementor-widget-container\">\n<div class=\"elementor-text-editor elementor-clearfix\"><\/div>\n<\/div>\n<\/div>\n<\/div>\n<\/div>\n<\/div>\n<p>[\/et_pb_text][et_pb_image src=\u00a0\u00bbhttp:\/\/negomab.fr\/wp-content\/uploads\/2022\/12\/Carte-Implantation-revisitee-2-sans-fond-1.png\u00a0\u00bb url_new_window=\u00a0\u00bbon\u00a0\u00bb align=\u00a0\u00bbcenter\u00a0\u00bb _builder_version=\u00a0\u00bb3.19.16&Prime; max_width=\u00a0\u00bb70%\u00a0\u00bb module_alignment=\u00a0\u00bbcenter\u00a0\u00bb custom_margin=\u00a0\u00bb0px||20px\u00a0\u00bb][\/et_pb_image][\/et_pb_column][\/et_pb_row][et_pb_row _builder_version=\u00a0\u00bb3.19.16&Prime; module_alignment=\u00a0\u00bbcenter\u00a0\u00bb][et_pb_column type=\u00a0\u00bb4_4&Prime; _builder_version=\u00a0\u00bb3.19.16&Prime;][et_pb_text _builder_version=\u00a0\u00bb3.19.16&Prime;]<\/p>\n<h3 style=\"text-align: center;\"><span style=\"font-size: xx-large;\"><strong><span style=\"color: #cb7f00;\">R\u00e9gion Rh\u00f4ne-Alpes<\/span><\/strong><\/span><\/h3>\n<p style=\"text-align: center;\">Avec la pr\u00e9sence de Tournier MAB en Savoie et Haute-Savoie, de CG MAT \u00e0 Annecy, d&rsquo;Etienne Service et Vente S\u00e0rl dans le canton genevois, de JPM diffusion \u00e0 Tullins, de Sermep \u00e0 Villeurbanne, la couverture g\u00e9ographique offre une capacit\u00e9 d&rsquo;intervention id\u00e9ale.<\/p>\n<p>[\/et_pb_text][\/et_pb_column][\/et_pb_row][et_pb_row _builder_version=\u00a0\u00bb3.19.16&Prime;][et_pb_column type=\u00a0\u00bb1_4&Prime; _builder_version=\u00a0\u00bb3.19.16&Prime;][et_pb_image src=\u00a0\u00bbhttp:\/\/negomab.fr\/wp-content\/uploads\/2022\/11\/TOURNIER_LOGO_RVB_72DPI-removebg-preview1.png\u00a0\u00bb _builder_version=\u00a0\u00bb3.19.16&Prime;][\/et_pb_image][\/et_pb_column][et_pb_column type=\u00a0\u00bb1_4&Prime; _builder_version=\u00a0\u00bb3.19.16&Prime;][et_pb_image src=\u00a0\u00bbhttp:\/\/negomab.fr\/wp-content\/uploads\/2025\/10\/JPM-Diffusion-Color-1-line-scaled.jpg\u00a0\u00bb _builder_version=\u00a0\u00bb3.19.16&Prime; custom_margin=\u00a0\u00bb49px||\u00a0\u00bb][\/et_pb_image][\/et_pb_column][et_pb_column type=\u00a0\u00bb1_4&Prime; _builder_version=\u00a0\u00bb3.19.16&Prime;][et_pb_image src=\u00a0\u00bbhttp:\/\/negomab.fr\/wp-content\/uploads\/2022\/11\/LOGO-ETIENNE-SARL-pour-video.png\u00a0\u00bb _builder_version=\u00a0\u00bb3.19.16&Prime;][\/et_pb_image][\/et_pb_column][et_pb_column type=\u00a0\u00bb1_4&Prime; _builder_version=\u00a0\u00bb3.19.16&Prime;][et_pb_image src=\u00a0\u00bbhttp:\/\/negomab.fr\/wp-content\/uploads\/2025\/10\/SERMEP-MAB-Color-2-lines.jpg\u00a0\u00bb _builder_version=\u00a0\u00bb3.19.16&Prime;][\/et_pb_image][\/et_pb_column][\/et_pb_row][et_pb_row _builder_version=\u00a0\u00bb3.19.16&Prime;][et_pb_column type=\u00a0\u00bb4_4&Prime; _builder_version=\u00a0\u00bb3.19.16&Prime;][et_pb_text _builder_version=\u00a0\u00bb3.19.16&Prime;]<\/p>\n<p style=\"text-align: center;\"><span style=\"color: #ff9900;\">NOTRE PARTENAIRE<\/span><\/p>\n<p>[\/et_pb_text][\/et_pb_column][\/et_pb_row][et_pb_row _builder_version=\u00a0\u00bb3.19.16&Prime; custom_margin=\u00a0\u00bb-81px||\u00a0\u00bb custom_padding=\u00a0\u00bb0|0|0||false|false\u00a0\u00bb][et_pb_column type=\u00a0\u00bb4_4&Prime; _builder_version=\u00a0\u00bb3.19.16&Prime;][et_pb_image align=\u00a0\u00bbcenter\u00a0\u00bb max_width=\u00a0\u00bb29%\u00a0\u00bb src=\u00a0\u00bbhttp:\/\/negomab.fr\/wp-content\/uploads\/2022\/11\/logo-gedimo.jpg\u00a0\u00bb _builder_version=\u00a0\u00bb3.19.16&Prime;][\/et_pb_image][\/et_pb_column][\/et_pb_row][\/et_pb_section]<\/p>\n","protected":false},"excerpt":{"rendered":"<p>[et_pb_section fb_built=\u00a0\u00bb1&Prime; next_background_color=\u00a0\u00bb#ffffff\u00a0\u00bb _builder_version=\u00a0\u00bb3.19.16&Prime; background_image=\u00a0\u00bbhttp:\/\/negomab.fr\/wp-content\/uploads\/2022\/11\/magasin-vue-complete&#8211;scaled.jpg\u00a0\u00bb custom_padding=\u00a0\u00bb50px||75px||false|false\u00a0\u00bb bottom_divider_style=\u00a0\u00bbslant\u00a0\u00bb bottom_divider_flip=\u00a0\u00bbhorizontal\u00a0\u00bb animation_style=\u00a0\u00bbslide\u00a0\u00bb animation_direction=\u00a0\u00bbtop\u00a0\u00bb][et_pb_row custom_padding=\u00a0\u00bb27px|0|27px|0|false|false\u00a0\u00bb custom_margin=\u00a0\u00bb80px||80px\u00a0\u00bb padding_right_1=\u00a0\u00bb0px\u00a0\u00bb padding_left_1=\u00a0\u00bb0px\u00a0\u00bb _builder_version=\u00a0\u00bb3.19.16&Prime; background_color=\u00a0\u00bbrgba(0,0,0,0.38)\u00a0\u00bb][et_pb_column type=\u00a0\u00bb4_4&Prime; _builder_version=\u00a0\u00bb3.19.16&Prime;][et_pb_text _builder_version=\u00a0\u00bb3.19.16&Prime; header_font=\u00a0\u00bb||||||||\u00a0\u00bb header_font_size=\u00a0\u00bb60px\u00a0\u00bb] IMPLANTATION [\/et_pb_text][et_pb_divider color=\u00a0\u00bb#ffffff\u00a0\u00bb divider_weight=\u00a0\u00bb3px\u00a0\u00bb _builder_version=\u00a0\u00bb3.19.16&Prime; max_width=\u00a0\u00bb20%\u00a0\u00bb custom_margin=\u00a0\u00bb20px||20px||true\u00a0\u00bb][\/et_pb_divider][et_pb_text _builder_version=\u00a0\u00bb3.19.16&Prime; text_font=\u00a0\u00bb||||||||\u00a0\u00bb text_line_height=\u00a0\u00bb1.8em\u00a0\u00bb custom_padding=\u00a0\u00bb|10%||\u00a0\u00bb inline_fonts=\u00a0\u00bbArial\u00a0\u00bb] Notre r\u00e9seau est constitu\u00e9 d&rsquo;entreprises implant\u00e9es localement en Rh\u00f4ne-Alpes. [\/et_pb_text][\/et_pb_column][\/et_pb_row][\/et_pb_section][et_pb_section fb_built=\u00a0\u00bb1&Prime; _builder_version=\u00a0\u00bb3.19.16&Prime;][et_pb_row custom_padding=\u00a0\u00bb27px|0px|0|0px|false|false\u00a0\u00bb _builder_version=\u00a0\u00bb3.19.16&Prime;][et_pb_column type=\u00a0\u00bb4_4&Prime; _builder_version=\u00a0\u00bb3.19.16&Prime;][et_pb_text _builder_version=\u00a0\u00bb3.19.16&Prime; text_font=\u00a0\u00bb|300|||||||\u00a0\u00bb header_font=\u00a0\u00bb||||||||\u00a0\u00bb header_2_font=\u00a0\u00bb|300||on|||||\u00a0\u00bb header_2_text_align=\u00a0\u00bbcenter\u00a0\u00bb header_2_text_color=\u00a0\u00bb#d1cac0&Prime; [&hellip;]<\/p>\n","protected":false},"author":3,"featured_media":0,"parent":0,"menu_order":4,"comment_status":"closed","ping_status":"closed","template":"","meta":{"_et_pb_use_builder":"on","_et_pb_old_content":"","footnotes":""},"class_list":["post-101","page","type-page","status-publish","hentry"],"_links":{"self":[{"href":"http:\/\/negomab.fr\/index.php?rest_route=\/wp\/v2\/pages\/101","targetHints":{"allow":["GET"]}}],"collection":[{"href":"http:\/\/negomab.fr\/index.php?rest_route=\/wp\/v2\/pages"}],"about":[{"href":"http:\/\/negomab.fr\/index.php?rest_route=\/wp\/v2\/types\/page"}],"author":[{"embeddable":true,"href":"http:\/\/negomab.fr\/index.php?rest_route=\/wp\/v2\/users\/3"}],"replies":[{"embeddable":true,"href":"http:\/\/negomab.fr\/index.php?rest_route=%2Fwp%2Fv2%2Fcomments&post=101"}],"version-history":[{"count":33,"href":"http:\/\/negomab.fr\/index.php?rest_route=\/wp\/v2\/pages\/101\/revisions"}],"predecessor-version":[{"id":416,"href":"http:\/\/negomab.fr\/index.php?rest_route=\/wp\/v2\/pages\/101\/revisions\/416"}],"wp:attachment":[{"href":"http:\/\/negomab.fr\/index.php?rest_route=%2Fwp%2Fv2%2Fmedia&parent=101"}],"curies":[{"name":"wp","href":"https:\/\/api.w.org\/{rel}","templated":true}]}}