{"id":52,"date":"2022-09-19T08:29:32","date_gmt":"2022-09-19T06:29:32","guid":{"rendered":"http:\/\/negomab.fr\/?page_id=52"},"modified":"2025-10-20T14:22:05","modified_gmt":"2025-10-20T12:22:05","slug":"accueil","status":"publish","type":"page","link":"http:\/\/negomab.fr\/","title":{"rendered":"Accueil"},"content":{"rendered":"<p>[et_pb_section fb_built=\u00a0\u00bb1&Prime; next_background_color=\u00a0\u00bb#ffffff\u00a0\u00bb _builder_version=\u00a0\u00bb3.19.16&Prime; background_image=\u00a0\u00bbhttp:\/\/negomab.fr\/wp-content\/uploads\/2022\/11\/EUROBOIS-2022\u00a9PXLALR-JPM-DIFF-12-bis.png\u00a0\u00bb custom_padding=\u00a0\u00bb148px||231px||false|false\u00a0\u00bb bottom_divider_style=\u00a0\u00bbslant\u00a0\u00bb bottom_divider_flip=\u00a0\u00bbhorizontal\u00a0\u00bb animation_style=\u00a0\u00bbslide\u00a0\u00bb animation_direction=\u00a0\u00bbtop\u00a0\u00bb][et_pb_row custom_padding=\u00a0\u00bb||0px\u00a0\u00bb custom_margin=\u00a0\u00bb-114px||0px\u00a0\u00bb background_color_1=\u00a0\u00bbrgba(35,35,35,0.47)\u00a0\u00bb padding_top_1=\u00a0\u00bb19px\u00a0\u00bb padding_bottom_1=\u00a0\u00bb19px\u00a0\u00bb _builder_version=\u00a0\u00bb3.19.16&Prime;][et_pb_column type=\u00a0\u00bb4_4&Prime; _builder_version=\u00a0\u00bb3.19.16&Prime;][et_pb_text _builder_version=\u00a0\u00bb3.19.16&Prime; header_font=\u00a0\u00bb||||||||\u00a0\u00bb header_font_size=\u00a0\u00bb60px\u00a0\u00bb]<\/p>\n<h1><span style=\"color: #ffffff;\"><span style=\"caret-color: #ffffff;\">N\u00c9GOCE DE MACHINES \u00c0 BOIS<\/span><\/span><\/h1>\n<p>[\/et_pb_text][et_pb_divider show_divider=\u00a0\u00bboff\u00a0\u00bb _builder_version=\u00a0\u00bb3.19.16&Prime; max_width=\u00a0\u00bb20%\u00a0\u00bb custom_margin=\u00a0\u00bb20px||20px||true\u00a0\u00bb][\/et_pb_divider][et_pb_text _builder_version=\u00a0\u00bb3.19.16&Prime; text_font=\u00a0\u00bb||||||||\u00a0\u00bb text_line_height=\u00a0\u00bb1.8em\u00a0\u00bb custom_padding=\u00a0\u00bb|10%||\u00a0\u00bb inline_fonts=\u00a0\u00bbArial\u00a0\u00bb]<\/p>\n<h2><strong><span style=\"color: #ffffff;\">Les sp\u00e9cialistes de Machine, Outillage et Services.<\/span><\/strong><\/h2>\n<p><span style=\"color: #ffffff; font-family: inherit; font-size: large;\">NEGOMAB est le sp\u00e9cialiste de la machine outils, de l&rsquo;outillage et du service \u00e0 destination des m\u00e9tiers du bois.<\/span><\/p>\n<p>[\/et_pb_text][\/et_pb_column][\/et_pb_row][\/et_pb_section][et_pb_section fb_built=\u00a0\u00bb1&Prime; _builder_version=\u00a0\u00bb3.19.16&Prime;][et_pb_row _builder_version=\u00a0\u00bb3.19.16&Prime;][et_pb_column type=\u00a0\u00bb4_4&Prime; _builder_version=\u00a0\u00bb3.19.16&Prime;][et_pb_text _builder_version=\u00a0\u00bb3.19.16&Prime; text_font=\u00a0\u00bb|300|||||||\u00a0\u00bb header_font=\u00a0\u00bb||||||||\u00a0\u00bb header_2_font=\u00a0\u00bb|300||on|||||\u00a0\u00bb header_2_text_align=\u00a0\u00bbcenter\u00a0\u00bb header_2_text_color=\u00a0\u00bb#d1cac0&Prime; header_2_font_size=\u00a0\u00bb14px\u00a0\u00bb header_3_font=\u00a0\u00bb||||||||\u00a0\u00bb header_3_text_align=\u00a0\u00bbcenter\u00a0\u00bb header_3_font_size=\u00a0\u00bb30px\u00a0\u00bb text_orientation=\u00a0\u00bbcenter\u00a0\u00bb custom_padding=\u00a0\u00bb|10%||10%||true\u00a0\u00bb]<\/p>\n<h2>\u00c0 propos<\/h2>\n<h3>Mat\u00e9riel d\u00e9di\u00e9 au travail du bois : neuf et occasion<\/h3>\n<div class=\"elementor-column elementor-col-50 elementor-top-column elementor-element elementor-element-d624c9d\" data-id=\"d624c9d\" data-element_type=\"column\">\n<div class=\"elementor-column-wrap elementor-element-populated\">\n<div class=\"elementor-widget-wrap\">\n<div class=\"elementor-element elementor-element-c3ecc64 elementor-widget elementor-widget-text-editor\" data-id=\"c3ecc64\" data-element_type=\"widget\" data-widget_type=\"text-editor.default\">\n<div class=\"elementor-widget-container\">\n<div class=\"elementor-text-editor elementor-clearfix\">\n<p>Vous \u00a0trouverez dans nos magasins l\u2019ensemble des machines essentielles \u00e0 votre activit\u00e9, mais aussi conseil, diagnostic, d\u00e9pannage, SAV, transfert industriel\u2026 Nous vous aidons \u00e0 exercer votre m\u00e9tier dans les meilleures conditions.<\/p>\n<\/div>\n<\/div>\n<\/div>\n<\/div>\n<\/div>\n<\/div>\n<p>[\/et_pb_text][\/et_pb_column][\/et_pb_row][et_pb_row _builder_version=\u00a0\u00bb3.19.16&Prime;][et_pb_column type=\u00a0\u00bb1_3&Prime; _builder_version=\u00a0\u00bb3.19.16&Prime;][et_pb_text _builder_version=\u00a0\u00bb3.19.16&Prime; header_font=\u00a0\u00bb||||||||\u00a0\u00bb header_3_font=\u00a0\u00bb||||||||\u00a0\u00bb header_3_text_color=\u00a0\u00bb#cb7f00&Prime; header_3_font_size=\u00a0\u00bb44px\u00a0\u00bb custom_padding=\u00a0\u00bb||20px\u00a0\u00bb]<\/p>\n<h3 style=\"text-align: center;\">Vente-Conseil<\/h3>\n<p style=\"text-align: center;\">vous partager notre expertise<\/p>\n<p>[\/et_pb_text][\/et_pb_column][et_pb_column type=\u00a0\u00bb1_3&Prime; _builder_version=\u00a0\u00bb3.19.16&Prime;][et_pb_text _builder_version=\u00a0\u00bb3.19.16&Prime; header_font=\u00a0\u00bb||||||||\u00a0\u00bb header_3_font=\u00a0\u00bb||||||||\u00a0\u00bb header_3_text_color=\u00a0\u00bb#cb7f00&Prime; header_3_font_size=\u00a0\u00bb44px\u00a0\u00bb custom_padding=\u00a0\u00bb||20px\u00a0\u00bb]<\/p>\n<h3 style=\"text-align: center;\">Formation<\/h3>\n<p style=\"text-align: center;\">lors de la mise en \u0153uvre de vos machines<\/p>\n<p>[\/et_pb_text][\/et_pb_column][et_pb_column type=\u00a0\u00bb1_3&Prime; _builder_version=\u00a0\u00bb3.19.16&Prime;][et_pb_text _builder_version=\u00a0\u00bb3.19.16&Prime; header_font=\u00a0\u00bb||||||||\u00a0\u00bb header_3_font=\u00a0\u00bb||||||||\u00a0\u00bb header_3_text_color=\u00a0\u00bb#cb7f00&Prime; header_3_font_size=\u00a0\u00bb44px\u00a0\u00bb custom_padding=\u00a0\u00bb||20px\u00a0\u00bb]<\/p>\n<h3 style=\"text-align: center;\">Installation-SAV<\/h3>\n<p style=\"text-align: center;\">tests &amp; v\u00e9rifications en amont<\/p>\n<p>[\/et_pb_text][\/et_pb_column][\/et_pb_row][\/et_pb_section][et_pb_section fb_built=\u00a0\u00bb1&Prime; _builder_version=\u00a0\u00bb3.19.16&Prime; use_background_color_gradient=\u00a0\u00bbon\u00a0\u00bb background_color_gradient_start=\u00a0\u00bbrgba(112,105,83,0.74)\u00a0\u00bb background_color_gradient_end=\u00a0\u00bb#d1cac0&Prime; background_color_gradient_direction=\u00a0\u00bb172deg\u00a0\u00bb background_color_gradient_start_position=\u00a0\u00bb34%\u00a0\u00bb max_width=\u00a0\u00bb80%\u00a0\u00bb custom_margin=\u00a0\u00bb|||48px\u00a0\u00bb][et_pb_row use_custom_width=\u00a0\u00bbon\u00a0\u00bb width_unit=\u00a0\u00bboff\u00a0\u00bb use_custom_gutter=\u00a0\u00bbon\u00a0\u00bb gutter_width=\u00a0\u00bb2&Prime; custom_margin=\u00a0\u00bb-67px|10%||18%\u00a0\u00bb make_equal=\u00a0\u00bbon\u00a0\u00bb padding_top_bottom_link_1=\u00a0\u00bbtrue\u00a0\u00bb padding_top_1=\u00a0\u00bb10%\u00a0\u00bb padding_top_2=\u00a0\u00bb2%\u00a0\u00bb padding_bottom_1=\u00a0\u00bb10%\u00a0\u00bb _builder_version=\u00a0\u00bb3.19.16&Prime;][et_pb_column type=\u00a0\u00bb1_2&Prime; _builder_version=\u00a0\u00bb3.19.16&Prime;][et_pb_text _builder_version=\u00a0\u00bb3.19.16&Prime; text_font=\u00a0\u00bb|300|||||||\u00a0\u00bb text_text_color=\u00a0\u00bb#000000&Prime; text_font_size=\u00a0\u00bb30px\u00a0\u00bb text_line_height=\u00a0\u00bb1.6em\u00a0\u00bb custom_margin=\u00a0\u00bb|||||false\u00a0\u00bb]<\/p>\n<p>Votre partenaire \u00ab\u00a0\u00e9quipement\u00a0\u00bb <br \/>en r\u00e9gion Rh\u00f4ne-Alpes\u00a0<\/p>\n<p>[\/et_pb_text][et_pb_button button_url=\u00a0\u00bbhttp:\/\/negomab.fr\/?page_id=101&Prime; button_text=\u00a0\u00bbEn savoir plus\u00a0\u00bb _builder_version=\u00a0\u00bb3.19.16&Prime; custom_button=\u00a0\u00bbon\u00a0\u00bb button_text_color=\u00a0\u00bb#000000&Prime; button_border_color=\u00a0\u00bb#000000&Prime; button_font=\u00a0\u00bb||||||||\u00a0\u00bb button_icon_color=\u00a0\u00bb#000000&Prime; button_on_hover=\u00a0\u00bboff\u00a0\u00bb custom_margin=\u00a0\u00bb20px||\u00a0\u00bb][\/et_pb_button][\/et_pb_column][et_pb_column type=\u00a0\u00bb1_2&Prime; _builder_version=\u00a0\u00bb3.19.16&Prime;][et_pb_image src=\u00a0\u00bbhttp:\/\/negomab.fr\/wp-content\/uploads\/2022\/12\/Carte-Implantation-revisitee-2-sans-fond-1.png\u00a0\u00bb _builder_version=\u00a0\u00bb3.19.16&Prime; module_alignment=\u00a0\u00bbcenter\u00a0\u00bb custom_margin=\u00a0\u00bb-36px||-61px|-53px\u00a0\u00bb custom_padding=\u00a0\u00bb|||0px\u00a0\u00bb][\/et_pb_image][\/et_pb_column][\/et_pb_row][\/et_pb_section][et_pb_section fb_built=\u00a0\u00bb1&Prime; _builder_version=\u00a0\u00bb3.19.16&Prime;][et_pb_row _builder_version=\u00a0\u00bb3.19.16&Prime;][et_pb_column type=\u00a0\u00bb4_4&Prime; _builder_version=\u00a0\u00bb3.19.16&Prime;][et_pb_text _builder_version=\u00a0\u00bb3.19.16&Prime; text_font=\u00a0\u00bb|300|||||||\u00a0\u00bb header_font=\u00a0\u00bb||||||||\u00a0\u00bb header_2_font=\u00a0\u00bb|300||on|||||\u00a0\u00bb header_2_text_align=\u00a0\u00bbcenter\u00a0\u00bb header_2_text_color=\u00a0\u00bb#d1cac0&Prime; header_2_font_size=\u00a0\u00bb14px\u00a0\u00bb header_3_font=\u00a0\u00bb||||||||\u00a0\u00bb header_3_text_align=\u00a0\u00bbcenter\u00a0\u00bb header_3_font_size=\u00a0\u00bb30px\u00a0\u00bb text_orientation=\u00a0\u00bbcenter\u00a0\u00bb custom_padding=\u00a0\u00bb|10%||10%||true\u00a0\u00bb]<\/p>\n<h2>\u00a0<\/h2>\n<h2>\u00a0<\/h2>\n<h2>des sp\u00e9cialistes \u00e0 votre service<\/h2>\n<h3>\u00c0 l&rsquo;\u00e9coute de vos besoins sp\u00e9cifiques<\/h3>\n<div class=\"elementor-column elementor-col-50 elementor-top-column elementor-element elementor-element-d624c9d\" data-id=\"d624c9d\" data-element_type=\"column\">\n<div class=\"elementor-column-wrap elementor-element-populated\">\n<div class=\"elementor-widget-wrap\">\n<div class=\"elementor-element elementor-element-c3ecc64 elementor-widget elementor-widget-text-editor\" data-id=\"c3ecc64\" data-element_type=\"widget\" data-widget_type=\"text-editor.default\">\n<div class=\"elementor-widget-container\">\n<div class=\"elementor-text-editor elementor-clearfix\">\n<p>Nos conseillers techniques connaissent vos m\u00e9tiers, leurs besoins et contraintes sp\u00e9cifiques. <br \/>Ils sauront vous orienter au mieux dans le choix de l&rsquo;\u00e9quipement adapt\u00e9.<\/p>\n<\/div>\n<\/div>\n<\/div>\n<\/div>\n<\/div>\n<\/div>\n<p>[\/et_pb_text][\/et_pb_column][\/et_pb_row][et_pb_row _builder_version=\u00a0\u00bb3.19.16&Prime;][et_pb_column type=\u00a0\u00bb1_5&Prime; _builder_version=\u00a0\u00bb3.19.16&Prime;][et_pb_blurb title=\u00a0\u00bbNeuf &amp; Occasion\u00a0\u00bb use_icon=\u00a0\u00bbon\u00a0\u00bb font_icon=\u00a0\u00bb%%176%%\u00a0\u00bb icon_placement=\u00a0\u00bbleft\u00a0\u00bb use_icon_font_size=\u00a0\u00bbon\u00a0\u00bb _builder_version=\u00a0\u00bb3.19.16&Prime; body_font=\u00a0\u00bb|300|||||||\u00a0\u00bb]<\/p>\n<p>Un large choix de machines-outils traditionnelles et centres d&rsquo;usinage, pour r\u00e9pondre \u00e0 vos besoins professionnels.<\/p>\n<p><a href=\"#\"><strong>En savoir plus<\/strong><\/a><\/p>\n<p>[\/et_pb_blurb][\/et_pb_column][et_pb_column type=\u00a0\u00bb1_5&Prime; _builder_version=\u00a0\u00bb3.19.16&Prime;][et_pb_blurb title=\u00a0\u00bbLevage &amp; Manutention\u00a0\u00bb use_icon=\u00a0\u00bbon\u00a0\u00bb font_icon=\u00a0\u00bb%%176%%\u00a0\u00bb icon_placement=\u00a0\u00bbleft\u00a0\u00bb use_icon_font_size=\u00a0\u00bbon\u00a0\u00bb _builder_version=\u00a0\u00bb3.19.16&Prime; body_font=\u00a0\u00bb|300|||||||\u00a0\u00bb]<\/p>\n<p>Une r\u00e9ponse adapt\u00e9e \u00e0 vos besoins en levage et manutention : potence, pont roulant, portique&#8230;<\/p>\n<p><a href=\"#\"><strong>En savoir plus<\/strong><\/a><\/p>\n<p>[\/et_pb_blurb][\/et_pb_column][et_pb_column type=\u00a0\u00bb1_5&Prime; _builder_version=\u00a0\u00bb3.19.16&Prime;][et_pb_blurb title=\u00a0\u00bbAspiration\u00a0\u00bb use_icon=\u00a0\u00bbon\u00a0\u00bb font_icon=\u00a0\u00bb%%176%%\u00a0\u00bb icon_placement=\u00a0\u00bbleft\u00a0\u00bb use_icon_font_size=\u00a0\u00bbon\u00a0\u00bb _builder_version=\u00a0\u00bb3.19.16&Prime; body_font=\u00a0\u00bb|300|||||||\u00a0\u00bb]<\/p>\n<p>Filtration de l&rsquo;air et d\u00e9poussi\u00e9rage industriel : aspiration, ventilation, \u00e9quipement a\u00e9raulique, ventilateurs, tables aspirantes&#8230;<\/p>\n<p><a href=\"#\"><strong>En savoir plus<\/strong><\/a><\/p>\n<p>[\/et_pb_blurb][\/et_pb_column][et_pb_column type=\u00a0\u00bb1_5&Prime; _builder_version=\u00a0\u00bb3.19.16&Prime;][et_pb_blurb title=\u00a0\u00bbOutillage\u00a0\u00bb use_icon=\u00a0\u00bbon\u00a0\u00bb font_icon=\u00a0\u00bb%%176%%\u00a0\u00bb icon_placement=\u00a0\u00bbleft\u00a0\u00bb use_icon_font_size=\u00a0\u00bbon\u00a0\u00bb _builder_version=\u00a0\u00bb3.19.16&Prime; body_font=\u00a0\u00bb|300|||||||\u00a0\u00bb]<\/p>\n<p>Electroportatif des marques leaders mais aussi produits sp\u00e9cifiques, introuvables chez les distributeurs g\u00e9n\u00e9ralistes (Festool, Mafell, Lamello &#8230;).<\/p>\n<p><a href=\"#\"><strong>En savoir plus<\/strong><\/a><\/p>\n<p>[\/et_pb_blurb][\/et_pb_column][et_pb_column type=\u00a0\u00bb1_5&Prime; _builder_version=\u00a0\u00bb3.19.16&Prime;][et_pb_blurb title=\u00a0\u00bbPneumatique et air comprim\u00e9\u00a0\u00bb use_icon=\u00a0\u00bbon\u00a0\u00bb font_icon=\u00a0\u00bb%%176%%\u00a0\u00bb icon_placement=\u00a0\u00bbleft\u00a0\u00bb use_icon_font_size=\u00a0\u00bbon\u00a0\u00bb _builder_version=\u00a0\u00bb3.19.16&Prime; body_font=\u00a0\u00bb|300|||||||\u00a0\u00bb]<\/p>\n<p>Nous aurons une r\u00e9ponse ad\u00e9quate \u00e0 vos besoins en air comprim\u00e9, pneumatique et compresseur.<\/p>\n<p><a href=\"#\"><strong>En savoir plus<\/strong><\/a><\/p>\n<p>[\/et_pb_blurb][\/et_pb_column][\/et_pb_row][\/et_pb_section]<\/p>\n\n\n<iframe loading=\"lazy\" src=\"https:\/\/my.matterport.com\/show\/?m=r24F7PP59v1\" width=\"100%\" height=\"500\" frameborder=\"0\" allowfullscreen allow=\"xr-spatial-tracking\"><\/iframe>\n\n\n\n<pre class=\"wp-block-code\"><code><\/code><\/pre>\n\n\n\n<p><\/p>\n","protected":false},"excerpt":{"rendered":"<p>[et_pb_section fb_built=\u00a0\u00bb1&Prime; next_background_color=\u00a0\u00bb#ffffff\u00a0\u00bb _builder_version=\u00a0\u00bb3.19.16&Prime; background_image=\u00a0\u00bbhttp:\/\/negomab.fr\/wp-content\/uploads\/2022\/11\/EUROBOIS-2022\u00a9PXLALR-JPM-DIFF-12-bis.png\u00a0\u00bb custom_padding=\u00a0\u00bb148px||231px||false|false\u00a0\u00bb bottom_divider_style=\u00a0\u00bbslant\u00a0\u00bb bottom_divider_flip=\u00a0\u00bbhorizontal\u00a0\u00bb animation_style=\u00a0\u00bbslide\u00a0\u00bb animation_direction=\u00a0\u00bbtop\u00a0\u00bb][et_pb_row custom_padding=\u00a0\u00bb||0px\u00a0\u00bb custom_margin=\u00a0\u00bb-114px||0px\u00a0\u00bb background_color_1=\u00a0\u00bbrgba(35,35,35,0.47)\u00a0\u00bb padding_top_1=\u00a0\u00bb19px\u00a0\u00bb padding_bottom_1=\u00a0\u00bb19px\u00a0\u00bb _builder_version=\u00a0\u00bb3.19.16&Prime;][et_pb_column type=\u00a0\u00bb4_4&Prime; _builder_version=\u00a0\u00bb3.19.16&Prime;][et_pb_text _builder_version=\u00a0\u00bb3.19.16&Prime; header_font=\u00a0\u00bb||||||||\u00a0\u00bb header_font_size=\u00a0\u00bb60px\u00a0\u00bb] N\u00c9GOCE DE MACHINES \u00c0 BOIS [\/et_pb_text][et_pb_divider show_divider=\u00a0\u00bboff\u00a0\u00bb _builder_version=\u00a0\u00bb3.19.16&Prime; max_width=\u00a0\u00bb20%\u00a0\u00bb custom_margin=\u00a0\u00bb20px||20px||true\u00a0\u00bb][\/et_pb_divider][et_pb_text _builder_version=\u00a0\u00bb3.19.16&Prime; text_font=\u00a0\u00bb||||||||\u00a0\u00bb text_line_height=\u00a0\u00bb1.8em\u00a0\u00bb custom_padding=\u00a0\u00bb|10%||\u00a0\u00bb inline_fonts=\u00a0\u00bbArial\u00a0\u00bb] Les sp\u00e9cialistes de Machine, Outillage et Services. NEGOMAB est le sp\u00e9cialiste de la machine outils, de l&rsquo;outillage et du [&hellip;]<\/p>\n","protected":false},"author":3,"featured_media":0,"parent":0,"menu_order":0,"comment_status":"closed","ping_status":"closed","template":"","meta":{"_et_pb_use_builder":"on","_et_pb_old_content":"","footnotes":""},"class_list":["post-52","page","type-page","status-publish","hentry"],"_links":{"self":[{"href":"http:\/\/negomab.fr\/index.php?rest_route=\/wp\/v2\/pages\/52","targetHints":{"allow":["GET"]}}],"collection":[{"href":"http:\/\/negomab.fr\/index.php?rest_route=\/wp\/v2\/pages"}],"about":[{"href":"http:\/\/negomab.fr\/index.php?rest_route=\/wp\/v2\/types\/page"}],"author":[{"embeddable":true,"href":"http:\/\/negomab.fr\/index.php?rest_route=\/wp\/v2\/users\/3"}],"replies":[{"embeddable":true,"href":"http:\/\/negomab.fr\/index.php?rest_route=%2Fwp%2Fv2%2Fcomments&post=52"}],"version-history":[{"count":49,"href":"http:\/\/negomab.fr\/index.php?rest_route=\/wp\/v2\/pages\/52\/revisions"}],"predecessor-version":[{"id":398,"href":"http:\/\/negomab.fr\/index.php?rest_route=\/wp\/v2\/pages\/52\/revisions\/398"}],"wp:attachment":[{"href":"http:\/\/negomab.fr\/index.php?rest_route=%2Fwp%2Fv2%2Fmedia&parent=52"}],"curies":[{"name":"wp","href":"https:\/\/api.w.org\/{rel}","templated":true}]}}