{"id":95,"date":"2022-09-19T14:00:06","date_gmt":"2022-09-19T12:00:06","guid":{"rendered":"http:\/\/negomab.fr\/?page_id=95"},"modified":"2025-10-21T08:19:40","modified_gmt":"2025-10-21T06:19:40","slug":"lentreprise","status":"publish","type":"page","link":"http:\/\/negomab.fr\/?page_id=95","title":{"rendered":"L&rsquo;entreprise"},"content":{"rendered":"<p>[et_pb_section fb_built=\u00a0\u00bb1&Prime; next_background_color=\u00a0\u00bb#ffffff\u00a0\u00bb _builder_version=\u00a0\u00bb3.19.16&Prime; background_image=\u00a0\u00bbhttp:\/\/negomab.fr\/wp-content\/uploads\/2022\/11\/WEB-Tournier-Bois-509.jpg\u00a0\u00bb custom_padding=\u00a0\u00bb50px||75px||false|false\u00a0\u00bb bottom_divider_style=\u00a0\u00bbslant\u00a0\u00bb bottom_divider_flip=\u00a0\u00bbhorizontal\u00a0\u00bb animation_style=\u00a0\u00bbslide\u00a0\u00bb animation_direction=\u00a0\u00bbtop\u00a0\u00bb][et_pb_row custom_padding=\u00a0\u00bb27px|0px|27px|0px|false|false\u00a0\u00bb _builder_version=\u00a0\u00bb3.19.16&Prime; custom_margin=\u00a0\u00bb80px||80px\u00a0\u00bb][et_pb_column type=\u00a0\u00bb4_4&Prime; _builder_version=\u00a0\u00bb3.19.16&Prime;][et_pb_text _builder_version=\u00a0\u00bb3.19.16&Prime; header_font=\u00a0\u00bb||||||||\u00a0\u00bb header_font_size=\u00a0\u00bb60px\u00a0\u00bb]<\/p>\n<h1><span style=\"color: #ffffff;\"><span style=\"caret-color: #ffffff;\">L&rsquo;ENTREPRIS<\/span><\/span><\/h1>\n<p>[\/et_pb_text][et_pb_divider color=\u00a0\u00bb#ffffff\u00a0\u00bb divider_weight=\u00a0\u00bb3px\u00a0\u00bb _builder_version=\u00a0\u00bb3.19.16&Prime; max_width=\u00a0\u00bb20%\u00a0\u00bb custom_margin=\u00a0\u00bb20px||20px||true\u00a0\u00bb][\/et_pb_divider][et_pb_text _builder_version=\u00a0\u00bb3.19.16&Prime; text_font=\u00a0\u00bb||||||||\u00a0\u00bb text_line_height=\u00a0\u00bb1.8em\u00a0\u00bb custom_padding=\u00a0\u00bb|10%||\u00a0\u00bb inline_fonts=\u00a0\u00bbArial\u00a0\u00bb]<\/p>\n<h2><strong><span style=\"color: #ffffff;\">Cr\u00e9\u00e9e par des investisseurs priv\u00e9s et familiaux, NEGOMAB est une soci\u00e9t\u00e9 d\u00e9di\u00e9e \u00e0 l&rsquo;\u00e9quipement des m\u00e9tiers du bois.<\/span><\/strong><\/h2>\n<p>[\/et_pb_text][\/et_pb_column][\/et_pb_row][\/et_pb_section][et_pb_section fb_built=\u00a0\u00bb1&Prime; _builder_version=\u00a0\u00bb3.19.16&Prime;][et_pb_row _builder_version=\u00a0\u00bb3.19.16&Prime;][et_pb_column type=\u00a0\u00bb4_4&Prime; _builder_version=\u00a0\u00bb3.19.16&Prime;][et_pb_text _builder_version=\u00a0\u00bb3.19.16&Prime; text_font=\u00a0\u00bb|300|||||||\u00a0\u00bb header_font=\u00a0\u00bb||||||||\u00a0\u00bb header_2_font=\u00a0\u00bb|300||on|||||\u00a0\u00bb header_2_text_align=\u00a0\u00bbcenter\u00a0\u00bb header_2_text_color=\u00a0\u00bb#d1cac0&Prime; header_2_font_size=\u00a0\u00bb14px\u00a0\u00bb header_3_font=\u00a0\u00bb||||||||\u00a0\u00bb header_3_text_align=\u00a0\u00bbcenter\u00a0\u00bb header_3_font_size=\u00a0\u00bb30px\u00a0\u00bb text_orientation=\u00a0\u00bbcenter\u00a0\u00bb custom_padding=\u00a0\u00bb|10%||10%||true\u00a0\u00bb]<\/p>\n<h2>\u00c0 propos<\/h2>\n<h3>Un r\u00e9seau constitu\u00e9 d&rsquo;entreprises implant\u00e9es localement.<\/h3>\n<div class=\"elementor-column elementor-col-50 elementor-top-column elementor-element elementor-element-d624c9d\" data-id=\"d624c9d\" data-element_type=\"column\">\n<div class=\"elementor-column-wrap elementor-element-populated\">\n<div class=\"elementor-widget-wrap\">\n<div class=\"elementor-element elementor-element-c3ecc64 elementor-widget elementor-widget-text-editor\" data-id=\"c3ecc64\" data-element_type=\"widget\" data-widget_type=\"text-editor.default\">\n<div class=\"elementor-widget-container\">\n<div class=\"elementor-text-editor elementor-clearfix\">\n<p>Notre principale volont\u00e9 est de proposer aux entreprises des m\u00e9tiers du bois, des machines outils, de l\u2019outillage \u00e9lectroportatif et des services autour de l\u2019entretien et de la maintenance de leur \u00e9quipement. <span style=\"font-size: 16px;\">Par acquisitions, nous unissons des distributeurs sp\u00e9cialistes dans leur domaine et tr\u00e8s reconnus sur leur march\u00e9. <\/span><\/p>\n<p><span style=\"font-size: 16px;\">Nous nous regroupons dans le respect des histoires et de la tradition.<\/span><span style=\"font-size: 16px;\">\u00a0<\/span><span style=\"font-size: 16px;\">\u00a0<\/span><\/p>\n<\/div>\n<\/div>\n<\/div>\n<\/div>\n<\/div>\n<\/div>\n<p>[\/et_pb_text][\/et_pb_column][\/et_pb_row][et_pb_row use_custom_width=\u00a0\u00bbon\u00a0\u00bb custom_width_px=\u00a0\u00bb1400px\u00a0\u00bb _builder_version=\u00a0\u00bb3.19.16&Prime;][et_pb_column type=\u00a0\u00bb1_4&Prime; _builder_version=\u00a0\u00bb3.19.16&Prime;][et_pb_blurb title=\u00a0\u00bbJanvier 2018&Prime; use_icon=\u00a0\u00bbon\u00a0\u00bb font_icon=\u00a0\u00bb%%176%%\u00a0\u00bb icon_placement=\u00a0\u00bbleft\u00a0\u00bb _builder_version=\u00a0\u00bb3.19.16&Prime; body_font=\u00a0\u00bb|300|||||||\u00a0\u00bb]<\/p>\n<p>L&rsquo;acquisition de Tournier Machines \u00e0 Bois signe le d\u00e9marrage du r\u00e9seau NEGOMAB. Tournier MAB est un acteur reconnu pour son expertise sur les machines \u00e0 bois traditionnelles et l&rsquo;outillage en Savoie, notamment avec les marques leader.<span style=\"font-size: 16px;\">\u00a0<\/span><\/p>\n<p>[\/et_pb_blurb][\/et_pb_column][et_pb_column type=\u00a0\u00bb1_4&Prime; _builder_version=\u00a0\u00bb3.19.16&Prime;][et_pb_blurb title=\u00a0\u00bbAvril 2020&Prime; use_icon=\u00a0\u00bbon\u00a0\u00bb font_icon=\u00a0\u00bb%%176%%\u00a0\u00bb icon_placement=\u00a0\u00bbleft\u00a0\u00bb _builder_version=\u00a0\u00bb3.19.16&Prime; body_font=\u00a0\u00bb|300|||||||\u00a0\u00bb]<\/p>\n<p>La cr\u00e9ation de notre filiale \u00c9tienne Service &amp; Vente S\u00e0rl \u00e0 Carouge permet d&rsquo;augmenter notre proximit\u00e9 et nos actions en Suisse romande. Nos installations en aspiration, air comprim\u00e9, levage et machines \u00e0 bois contribuent \u00e0 notre notori\u00e9t\u00e9 sur le march\u00e9.<span style=\"font-size: 16px;\">\u00a0<\/span><\/p>\n<p>[\/et_pb_blurb][\/et_pb_column][et_pb_column type=\u00a0\u00bb1_4&Prime; _builder_version=\u00a0\u00bb3.19.16&Prime;][et_pb_blurb title=\u00a0\u00bbMars 2022&Prime; use_icon=\u00a0\u00bbon\u00a0\u00bb font_icon=\u00a0\u00bb%%176%%\u00a0\u00bb icon_placement=\u00a0\u00bbleft\u00a0\u00bb _builder_version=\u00a0\u00bb3.19.16&Prime; body_font=\u00a0\u00bb|300|||||||\u00a0\u00bb]<\/p>\n<p>Le lancement d&rsquo;une nouvelle agence Tournier MAB \u00e0 Albertville nous permet d&rsquo;apporter un service de plus grande proximit\u00e9 \u00e0 nos clients savoyards et notamment \u00e0 nos clients du Beaufortain et de la Tarentaise.<\/p>\n<p>[\/et_pb_blurb][\/et_pb_column][et_pb_column type=\u00a0\u00bb1_4&Prime; _builder_version=\u00a0\u00bb3.19.16&Prime;][et_pb_blurb title=\u00a0\u00bbSeptembre 2022&Prime; use_icon=\u00a0\u00bbon\u00a0\u00bb font_icon=\u00a0\u00bb%%176%%\u00a0\u00bb icon_placement=\u00a0\u00bbleft\u00a0\u00bb _builder_version=\u00a0\u00bb3.19.16&Prime; body_font=\u00a0\u00bb|300|||||||\u00a0\u00bb]<\/p>\n<p>L&rsquo;acquisition de JPM Diffusion, compagnie reconnue depuis de nombreuses ann\u00e9es pour\u00a0son expertise en machines num\u00e9riques, centres d&rsquo;usinage, machines outils et outillage nous permet d&rsquo;\u00e9largir nos capacit\u00e9s ainsi que notre zone de chalandise : Rh\u00f4nes, Loire, Ain, Dr\u00f4me, Ard\u00e8che.<\/p>\n<p>[\/et_pb_blurb][\/et_pb_column][et_pb_column type=\u00a0\u00bb1_4&Prime; _builder_version=\u00a0\u00bb3.19.16&Prime;][et_pb_blurb title=\u00a0\u00bbJanvier 2025&Prime; use_icon=\u00a0\u00bbon\u00a0\u00bb font_icon=\u00a0\u00bb%%176%%\u00a0\u00bb icon_placement=\u00a0\u00bbleft\u00a0\u00bb _builder_version=\u00a0\u00bb3.19.16&Prime; body_font=\u00a0\u00bb|300|||||||\u00a0\u00bb]<\/p>\n<p>L&rsquo;acquisition de l&rsquo;entreprise SERMEP, reconnue depuis de nombreuses ann\u00e9es dans le d\u00e9partement du Rh\u00f4ne. Implant\u00e9e \u00e0 Villeurbanne, elle est sp\u00e9cialiste de la machine \u00e0 bois et de l&rsquo;outillage \u00e9lectroportatif et compl\u00e8te ainsi le maillage r\u00e9gional en Rh\u00f4ne-Alpes.<\/p>\n<p>[\/et_pb_blurb][\/et_pb_column][et_pb_column type=\u00a0\u00bb1_4&Prime; _builder_version=\u00a0\u00bb3.19.16&Prime;][et_pb_blurb title=\u00a0\u00bbOctobre 2025&Prime; use_icon=\u00a0\u00bbon\u00a0\u00bb font_icon=\u00a0\u00bb%%176%%\u00a0\u00bb icon_placement=\u00a0\u00bbleft\u00a0\u00bb _builder_version=\u00a0\u00bb3.19.16&Prime; body_font=\u00a0\u00bb|300|||||||\u00a0\u00bb]<\/p>\n<p>L&rsquo;acquisition de l&rsquo;entreprise CG MAT \u00e0 Annecy, sp\u00e9cialis\u00e9e dans l&rsquo;outillage et la fixation, nous permet de d&rsquo;\u00e9largir encore notre offre aupr\u00e8s des professionnels du bois de la Haute-Savoie en leur proposant un catalogue et un stock important.<\/p>\n<p>[\/et_pb_blurb][\/et_pb_column][et_pb_column type=\u00a0\u00bb1_4&Prime; _builder_version=\u00a0\u00bb3.19.16&Prime;][et_pb_blurb title=\u00a0\u00bbProjet 2026&Prime; use_icon=\u00a0\u00bbon\u00a0\u00bb font_icon=\u00a0\u00bb%%176%%\u00a0\u00bb icon_placement=\u00a0\u00bbleft\u00a0\u00bb _builder_version=\u00a0\u00bb3.19.16&Prime; body_font=\u00a0\u00bb|300|||||||\u00a0\u00bb]<\/p>\n<p>Rattach\u00e9 \u00e0 JPM Diffusion, la construction d&rsquo;une nouvelle antenne est en cours \u00e0 Tournus en Sa\u00f4ne-et-Loire et se concentrera sur la machine \u00e0 bois d&rsquo;occasion.<\/p>\n<p>[\/et_pb_blurb][\/et_pb_column][\/et_pb_row][et_pb_row _builder_version=\u00a0\u00bb3.19.16&Prime;][et_pb_column type=\u00a0\u00bb4_4&Prime; _builder_version=\u00a0\u00bb3.19.16&Prime;][et_pb_image src=\u00a0\u00bbhttp:\/\/negomab.fr\/wp-content\/uploads\/2022\/11\/WEB-Tournier-Bois-510.jpg\u00a0\u00bb _builder_version=\u00a0\u00bb3.19.16&Prime;][\/et_pb_image][\/et_pb_column][\/et_pb_row][et_pb_row _builder_version=\u00a0\u00bb3.19.16&Prime;][et_pb_column type=\u00a0\u00bb4_4&Prime; _builder_version=\u00a0\u00bb3.19.16&Prime;][et_pb_text _builder_version=\u00a0\u00bb3.19.16&Prime; text_font=\u00a0\u00bb|300|||||||\u00a0\u00bb header_font=\u00a0\u00bb||||||||\u00a0\u00bb header_2_font=\u00a0\u00bb|300||on|||||\u00a0\u00bb header_2_text_align=\u00a0\u00bbcenter\u00a0\u00bb header_2_text_color=\u00a0\u00bb#d1cac0&Prime; header_2_font_size=\u00a0\u00bb14px\u00a0\u00bb header_3_font=\u00a0\u00bb||||||||\u00a0\u00bb header_3_text_align=\u00a0\u00bbcenter\u00a0\u00bb header_3_font_size=\u00a0\u00bb30px\u00a0\u00bb text_orientation=\u00a0\u00bbcenter\u00a0\u00bb custom_padding=\u00a0\u00bb|10%||10%||true\u00a0\u00bb]<\/p>\n<h2>Un r\u00e9seau de sp\u00e9cialistes<\/h2>\n<h3>\u00c0 l&rsquo;\u00e9coute de vos besoins sp\u00e9cifiques<\/h3>\n<div class=\"elementor-column elementor-col-50 elementor-top-column elementor-element elementor-element-d624c9d\" data-id=\"d624c9d\" data-element_type=\"column\">\n<div class=\"elementor-column-wrap elementor-element-populated\">\n<div class=\"elementor-widget-wrap\">\n<div class=\"elementor-element elementor-element-c3ecc64 elementor-widget elementor-widget-text-editor\" data-id=\"c3ecc64\" data-element_type=\"widget\" data-widget_type=\"text-editor.default\">\n<div class=\"elementor-widget-container\">\n<div class=\"elementor-text-editor elementor-clearfix\">\n<p>Nos conseillers techniques connaissent vos m\u00e9tiers, leurs besoins et contraintes sp\u00e9cifiques. Ils sauront vous orienter au mieux dans le choix et l&rsquo;utilisation de l&rsquo;\u00e9quipement adapt\u00e9.<\/p>\n<\/div>\n<\/div>\n<\/div>\n<\/div>\n<\/div>\n<\/div>\n<p>[\/et_pb_text][\/et_pb_column][\/et_pb_row][et_pb_row _builder_version=\u00a0\u00bb3.19.16&Prime;][et_pb_column type=\u00a0\u00bb1_3&Prime; _builder_version=\u00a0\u00bb3.19.16&Prime;][et_pb_text _builder_version=\u00a0\u00bb3.19.16&Prime; header_font=\u00a0\u00bb||||||||\u00a0\u00bb header_3_font=\u00a0\u00bb||||||||\u00a0\u00bb header_3_text_color=\u00a0\u00bb#cb7f00&Prime; header_3_font_size=\u00a0\u00bb44px\u00a0\u00bb custom_padding=\u00a0\u00bb||20px\u00a0\u00bb]<\/p>\n<h3 style=\"text-align: center;\">Vente-Conseil<\/h3>\n<p style=\"text-align: center;\">vous partager notre expertise<\/p>\n<p>[\/et_pb_text][\/et_pb_column][et_pb_column type=\u00a0\u00bb1_3&Prime; _builder_version=\u00a0\u00bb3.19.16&Prime;][et_pb_text _builder_version=\u00a0\u00bb3.19.16&Prime; header_font=\u00a0\u00bb||||||||\u00a0\u00bb header_3_font=\u00a0\u00bb||||||||\u00a0\u00bb header_3_text_color=\u00a0\u00bb#cb7f00&Prime; header_3_font_size=\u00a0\u00bb44px\u00a0\u00bb custom_padding=\u00a0\u00bb||20px\u00a0\u00bb]<\/p>\n<h3 style=\"text-align: center;\">Formation<\/h3>\n<p style=\"text-align: center;\">lors de la mise en \u0153uvre de vos machines<\/p>\n<p>[\/et_pb_text][\/et_pb_column][et_pb_column type=\u00a0\u00bb1_3&Prime; _builder_version=\u00a0\u00bb3.19.16&Prime;][et_pb_text _builder_version=\u00a0\u00bb3.19.16&Prime; header_font=\u00a0\u00bb||||||||\u00a0\u00bb header_3_font=\u00a0\u00bb||||||||\u00a0\u00bb header_3_text_color=\u00a0\u00bb#cb7f00&Prime; header_3_font_size=\u00a0\u00bb44px\u00a0\u00bb custom_padding=\u00a0\u00bb||20px\u00a0\u00bb]<\/p>\n<h3 style=\"text-align: center;\">Installation-SAV<\/h3>\n<p style=\"text-align: center;\">tests &amp; v\u00e9rifications en amont<\/p>\n<p>[\/et_pb_text][\/et_pb_column][\/et_pb_row][\/et_pb_section]<\/p>\n","protected":false},"excerpt":{"rendered":"<p>[et_pb_section fb_built=\u00a0\u00bb1&Prime; next_background_color=\u00a0\u00bb#ffffff\u00a0\u00bb _builder_version=\u00a0\u00bb3.19.16&Prime; background_image=\u00a0\u00bbhttp:\/\/negomab.fr\/wp-content\/uploads\/2022\/11\/WEB-Tournier-Bois-509.jpg\u00a0\u00bb custom_padding=\u00a0\u00bb50px||75px||false|false\u00a0\u00bb bottom_divider_style=\u00a0\u00bbslant\u00a0\u00bb bottom_divider_flip=\u00a0\u00bbhorizontal\u00a0\u00bb animation_style=\u00a0\u00bbslide\u00a0\u00bb animation_direction=\u00a0\u00bbtop\u00a0\u00bb][et_pb_row custom_padding=\u00a0\u00bb27px|0px|27px|0px|false|false\u00a0\u00bb _builder_version=\u00a0\u00bb3.19.16&Prime; custom_margin=\u00a0\u00bb80px||80px\u00a0\u00bb][et_pb_column type=\u00a0\u00bb4_4&Prime; _builder_version=\u00a0\u00bb3.19.16&Prime;][et_pb_text _builder_version=\u00a0\u00bb3.19.16&Prime; header_font=\u00a0\u00bb||||||||\u00a0\u00bb header_font_size=\u00a0\u00bb60px\u00a0\u00bb] L&rsquo;ENTREPRIS [\/et_pb_text][et_pb_divider color=\u00a0\u00bb#ffffff\u00a0\u00bb divider_weight=\u00a0\u00bb3px\u00a0\u00bb _builder_version=\u00a0\u00bb3.19.16&Prime; max_width=\u00a0\u00bb20%\u00a0\u00bb custom_margin=\u00a0\u00bb20px||20px||true\u00a0\u00bb][\/et_pb_divider][et_pb_text _builder_version=\u00a0\u00bb3.19.16&Prime; text_font=\u00a0\u00bb||||||||\u00a0\u00bb text_line_height=\u00a0\u00bb1.8em\u00a0\u00bb custom_padding=\u00a0\u00bb|10%||\u00a0\u00bb inline_fonts=\u00a0\u00bbArial\u00a0\u00bb] Cr\u00e9\u00e9e par des investisseurs priv\u00e9s et familiaux, NEGOMAB est une soci\u00e9t\u00e9 d\u00e9di\u00e9e \u00e0 l&rsquo;\u00e9quipement des m\u00e9tiers du bois. [\/et_pb_text][\/et_pb_column][\/et_pb_row][\/et_pb_section][et_pb_section fb_built=\u00a0\u00bb1&Prime; _builder_version=\u00a0\u00bb3.19.16&Prime;][et_pb_row _builder_version=\u00a0\u00bb3.19.16&Prime;][et_pb_column type=\u00a0\u00bb4_4&Prime; _builder_version=\u00a0\u00bb3.19.16&Prime;][et_pb_text _builder_version=\u00a0\u00bb3.19.16&Prime; [&hellip;]<\/p>\n","protected":false},"author":3,"featured_media":0,"parent":0,"menu_order":1,"comment_status":"closed","ping_status":"closed","template":"","meta":{"_et_pb_use_builder":"on","_et_pb_old_content":"","footnotes":""},"class_list":["post-95","page","type-page","status-publish","hentry"],"_links":{"self":[{"href":"http:\/\/negomab.fr\/index.php?rest_route=\/wp\/v2\/pages\/95","targetHints":{"allow":["GET"]}}],"collection":[{"href":"http:\/\/negomab.fr\/index.php?rest_route=\/wp\/v2\/pages"}],"about":[{"href":"http:\/\/negomab.fr\/index.php?rest_route=\/wp\/v2\/types\/page"}],"author":[{"embeddable":true,"href":"http:\/\/negomab.fr\/index.php?rest_route=\/wp\/v2\/users\/3"}],"replies":[{"embeddable":true,"href":"http:\/\/negomab.fr\/index.php?rest_route=%2Fwp%2Fv2%2Fcomments&post=95"}],"version-history":[{"count":19,"href":"http:\/\/negomab.fr\/index.php?rest_route=\/wp\/v2\/pages\/95\/revisions"}],"predecessor-version":[{"id":418,"href":"http:\/\/negomab.fr\/index.php?rest_route=\/wp\/v2\/pages\/95\/revisions\/418"}],"wp:attachment":[{"href":"http:\/\/negomab.fr\/index.php?rest_route=%2Fwp%2Fv2%2Fmedia&parent=95"}],"curies":[{"name":"wp","href":"https:\/\/api.w.org\/{rel}","templated":true}]}}